{"id":6095,"date":"2024-02-19T15:30:30","date_gmt":"2024-02-19T14:30:30","guid":{"rendered":"https:\/\/firallibre.com\/la-fira\/"},"modified":"2025-04-03T20:38:31","modified_gmt":"2025-04-03T18:38:31","slug":"la-fira","status":"publish","type":"page","link":"https:\/\/firallibre.com\/es\/la-fira\/","title":{"rendered":"La Fira"},"content":{"rendered":"\n\n\t<h1>\n\t\t\t\tLa 60.\u00aa Feria del Libro de Val\u00e8ncia se celebrar\u00e1 <br \/>del 24 de abril al 4 de mayo de 2025\n\t\t\t<\/h1>\n\t\t\t\t<img decoding=\"async\" src=\"https:\/\/firallibre.com\/wp-content\/uploads\/2024\/04\/fira-llibre-valencia-01.jpg?1743705511\"  itemprop=\"image\" srcset=\"https:\/\/firallibre.com\/wp-content\/uploads\/2024\/04\/fira-llibre-valencia-01.jpg?1743705511 1x,https:\/\/firallibre.com\/wp-content\/uploads\/2024\/04\/fira-llibre-valencia-01@2x.jpg?1743705511 2x\"\/>\n\t<p>La 60<strong>.\u00aa Feria del Libro de Val\u00e8ncia<\/strong> est\u00e1 organizada por el Gremi de Llibrers de Val\u00e8ncia y la Fundaci\u00f3 Fira del Llibre, nacida el a\u00f1o 2018 de la mano del Gremi. Tiene lugar a\u00f1o tras a\u00f1o en la ciudad de Val\u00e8ncia desde hace <strong>60 ediciones<\/strong>, en un espacio emblem\u00e1tico como los <a href=\"https:\/\/firallibre.com\/es\/ubicacion\/\"><strong>Jardines del Real (Viveros)<\/strong><\/a>, para promocionar la lectura y la actividad de las librer\u00edas en nuestro territorio.<\/p>\n<p>Por su trayectoria, extensi\u00f3n y volumen de ventas, la Feria se consolida a\u00f1o tras a\u00f1o como el <strong>principal evento alrededor del mundo del libro en Val\u00e8ncia<\/strong>, y como la <strong>segunda Feria en importancia del estado espa\u00f1ol<\/strong>. De hecho en la edici\u00f3n de 2023 bati\u00f3 el r\u00e9cord de expositores, realiz\u00f3 m\u00e1s de 200 actividades de presentaciones de libros y de fomento de la lectura, y acogi\u00f3 m\u00e1s de 1000 firmas de autores y autoras.<\/p>\n\t\t\t\t<img decoding=\"async\" src=\"https:\/\/firallibre.com\/wp-content\/uploads\/2024\/04\/fira-llibre-valencia-02.jpg?1743705511\"  itemprop=\"image\" srcset=\"https:\/\/firallibre.com\/wp-content\/uploads\/2024\/04\/fira-llibre-valencia-02.jpg?1743705511 1x,https:\/\/firallibre.com\/wp-content\/uploads\/2024\/04\/fira-llibre-valencia-02@2x.jpg?1743705511 2x\"\/>\n\t\t\t\t<img decoding=\"async\" src=\"https:\/\/firallibre.com\/wp-content\/uploads\/2024\/04\/fira-llibre-valencia-03.jpg?1743705511\"  itemprop=\"image\" srcset=\"https:\/\/firallibre.com\/wp-content\/uploads\/2024\/04\/fira-llibre-valencia-03.jpg?1743705511 1x,https:\/\/firallibre.com\/wp-content\/uploads\/2024\/04\/fira-llibre-valencia-03@2x.jpg?1743705511 2x\"\/>\n\t<p>La Feria es propiedad exclusiva del Gremi de Llibrers de Val\u00e8ncia. Por tanto es, principalmente, una <strong>feria de librer\u00edas<\/strong>, que defiende el papel de las mismas como elemento clave de la cadena del libro y del entramado cultural de nuestra sociedad, en la que act\u00faan como agentes culturales de primer orden. <\/p>\n<p>No obstante, la Feria del Libro de Val\u00e8ncia es por antonomasia el <strong>lugar de encuentro de todo el mundo literario y del libro<\/strong>. Un espacio abierto a todo el p\u00fablico lector, con especial atenci\u00f3n a los m\u00e1s <strong>j\u00f3venes <\/strong> y a la <strong>literatura en valenciano<\/strong>, y a todo el sector del libro. En este sentido la Fundaci\u00f3 Fira del Llibre naci\u00f3 en 2018 con el objetivo de fomentar la cultura literaria mediante acciones que favorezcan el incremento de la lectura.  <\/p>\n\t\t\t\t<img decoding=\"async\" src=\"https:\/\/firallibre.com\/wp-content\/uploads\/2024\/04\/fira-llibre-valencia-04.jpg?1743705511\"  itemprop=\"image\" srcset=\"https:\/\/firallibre.com\/wp-content\/uploads\/2024\/04\/fira-llibre-valencia-04.jpg?1743705511 1x,https:\/\/firallibre.com\/wp-content\/uploads\/2024\/04\/fira-llibre-valencia-04@2x.jpg?1743705511 2x\"\/>\n\t\t\t\t<img decoding=\"async\" src=\"https:\/\/firallibre.com\/wp-content\/uploads\/2024\/04\/fira-llibre-valencia-05.jpg?1743705511\"  itemprop=\"image\" srcset=\"https:\/\/firallibre.com\/wp-content\/uploads\/2024\/04\/fira-llibre-valencia-05.jpg?1743705511 1x,https:\/\/firallibre.com\/wp-content\/uploads\/2024\/04\/fira-llibre-valencia-05@2x.jpg?1743705511 2x\"\/>\n\t<h2>\n\t\t\t\tUbicaci\u00f3n\n\t\t\t<\/h2>\n\t<p>Desde 1985 la Fira del Llibre se ubica en un emplazamiento gratificante, c\u00e9ntrico y accesible como son los <a href=\"https:\/\/firallibre.com\/es\/ubicacion\/\">Jardines del Real<\/a> de Val\u00e8ncia (con accesos desde la Avenida Blasco Ib\u00e1\u00f1ez, calle Jaca, calle Genaro Lahuerta y el cauce del T\u00faria).<\/p>\n<p>Este entorno privilegiado nos permite disfrutar, todav\u00eda m\u00e1s, de los espacios dedicados a la venta y exposici\u00f3n de libros y como no, de las actividades culturales complementarias, que ocupan el Paseo Antonio Machado, la Explanada, el Paseo de las Palmeras y varias salas del Museo de Ciencias Naturales.<\/p>\n<h3>C\u00f3mo llegar<\/h3>\n<p>Se puede acceder a la feria con diversos medios de transporte p\u00fablico, como por ejemplo los autobuses de la EMT: l\u00edneas 1, 6, 8, 9, 11, 12, 16, 26, 28, 29, 31, 32, 36, 70, 71, 79, 80, 81 y 95; o con las l\u00edneas 3, 9, 4 y 6 de Metrovalencia, bajando en las paradas de Facultats, Primat Reig o Benimaclet.<\/p>\n\t<iframe src=\"https:\/\/www.google.com\/maps\/embed\/v1\/place?q=Jardins+del+Real&#038;key=AIzaSyD09zQ9PNDNNy9TadMuzRV_UsPUoWKntt8\" aria-hidden=\"true\"><\/iframe>\n\n","protected":false},"excerpt":{"rendered":"<p>La 60.\u00aa Feria del Libro de Val\u00e8ncia se celebrar\u00e1 del 24 de abril al 4 de mayo de 2025 La [&hellip;]<\/p>\n","protected":false},"author":1,"featured_media":0,"parent":0,"menu_order":0,"comment_status":"closed","ping_status":"closed","template":"","meta":{"site-sidebar-layout":"default","site-content-layout":"","ast-site-content-layout":"default","site-content-style":"default","site-sidebar-style":"default","ast-global-header-display":"","ast-banner-title-visibility":"","ast-main-header-display":"","ast-hfb-above-header-display":"","ast-hfb-below-header-display":"","ast-hfb-mobile-header-display":"","site-post-title":"","ast-breadcrumbs-content":"","ast-featured-img":"","footer-sml-layout":"","ast-disable-related-posts":"","theme-transparent-header-meta":"","adv-header-id-meta":"","stick-header-meta":"","header-above-stick-meta":"","header-main-stick-meta":"","header-below-stick-meta":"","astra-migrate-meta-layouts":"default","ast-page-background-enabled":"default","ast-page-background-meta":{"desktop":{"background-color":"var(--ast-global-color-4)","background-image":"","background-repeat":"repeat","background-position":"center center","background-size":"auto","background-attachment":"scroll","background-type":"","background-media":"","overlay-type":"","overlay-color":"","overlay-opacity":"","overlay-gradient":""},"tablet":{"background-color":"","background-image":"","background-repeat":"repeat","background-position":"center center","background-size":"auto","background-attachment":"scroll","background-type":"","background-media":"","overlay-type":"","overlay-color":"","overlay-opacity":"","overlay-gradient":""},"mobile":{"background-color":"","background-image":"","background-repeat":"repeat","background-position":"center center","background-size":"auto","background-attachment":"scroll","background-type":"","background-media":"","overlay-type":"","overlay-color":"","overlay-opacity":"","overlay-gradient":""}},"ast-content-background-meta":{"desktop":{"background-color":"var(--ast-global-color-5)","background-image":"","background-repeat":"repeat","background-position":"center center","background-size":"auto","background-attachment":"scroll","background-type":"","background-media":"","overlay-type":"","overlay-color":"","overlay-opacity":"","overlay-gradient":""},"tablet":{"background-color":"var(--ast-global-color-5)","background-image":"","background-repeat":"repeat","background-position":"center center","background-size":"auto","background-attachment":"scroll","background-type":"","background-media":"","overlay-type":"","overlay-color":"","overlay-opacity":"","overlay-gradient":""},"mobile":{"background-color":"var(--ast-global-color-5)","background-image":"","background-repeat":"repeat","background-position":"center center","background-size":"auto","background-attachment":"scroll","background-type":"","background-media":"","overlay-type":"","overlay-color":"","overlay-opacity":"","overlay-gradient":""}},"footnotes":""},"class_list":["post-6095","page","type-page","status-publish","hentry"],"yoast_head":"<!-- This site is optimized with the Yoast SEO plugin v27.0 - https:\/\/yoast.com\/product\/yoast-seo-wordpress\/ -->\n<title>La Fira - Fira Llibre de Val\u00e8ncia<\/title>\n<meta name=\"robots\" content=\"index, follow, max-snippet:-1, max-image-preview:large, max-video-preview:-1\" \/>\n<link rel=\"canonical\" href=\"https:\/\/firallibre.com\/es\/la-fira\/\" \/>\n<meta property=\"og:locale\" content=\"es_ES\" \/>\n<meta property=\"og:type\" content=\"article\" \/>\n<meta property=\"og:title\" content=\"La Fira - Fira Llibre de Val\u00e8ncia\" \/>\n<meta property=\"og:description\" content=\"La 60.\u00aa Feria del Libro de Val\u00e8ncia se celebrar\u00e1 del 24 de abril al 4 de mayo de 2025 La [&hellip;]\" \/>\n<meta property=\"og:url\" content=\"https:\/\/firallibre.com\/es\/la-fira\/\" \/>\n<meta property=\"og:site_name\" content=\"Fira Llibre de Val\u00e8ncia\" \/>\n<meta property=\"article:publisher\" content=\"https:\/\/www.facebook.com\/Fira.Llibre.Valencia\" \/>\n<meta property=\"article:modified_time\" content=\"2025-04-03T18:38:31+00:00\" \/>\n<meta property=\"og:image\" content=\"https:\/\/firallibre.com\/wp-content\/uploads\/2024\/04\/fira-llibre-valencia-01.jpg?1743705511\" \/>\n<meta name=\"twitter:card\" content=\"summary_large_image\" \/>\n<meta name=\"twitter:site\" content=\"@firallibrevlc\" \/>\n<meta name=\"twitter:label1\" content=\"Tiempo de lectura\" \/>\n\t<meta name=\"twitter:data1\" content=\"2 minutos\" \/>\n<script type=\"application\/ld+json\" class=\"yoast-schema-graph\">{\"@context\":\"https:\/\/schema.org\",\"@graph\":[{\"@type\":\"WebPage\",\"@id\":\"https:\/\/firallibre.com\/es\/la-fira\/\",\"url\":\"https:\/\/firallibre.com\/es\/la-fira\/\",\"name\":\"La Fira - Fira Llibre de Val\u00e8ncia\",\"isPartOf\":{\"@id\":\"https:\/\/firallibre.com\/es\/#website\"},\"primaryImageOfPage\":{\"@id\":\"https:\/\/firallibre.com\/es\/la-fira\/#primaryimage\"},\"image\":{\"@id\":\"https:\/\/firallibre.com\/es\/la-fira\/#primaryimage\"},\"thumbnailUrl\":\"https:\/\/firallibre.com\/wp-content\/uploads\/2024\/04\/fira-llibre-valencia-01.jpg?1743705511\",\"datePublished\":\"2024-02-19T14:30:30+00:00\",\"dateModified\":\"2025-04-03T18:38:31+00:00\",\"breadcrumb\":{\"@id\":\"https:\/\/firallibre.com\/es\/la-fira\/#breadcrumb\"},\"inLanguage\":\"es\",\"potentialAction\":[{\"@type\":\"ReadAction\",\"target\":[\"https:\/\/firallibre.com\/es\/la-fira\/\"]}]},{\"@type\":\"ImageObject\",\"inLanguage\":\"es\",\"@id\":\"https:\/\/firallibre.com\/es\/la-fira\/#primaryimage\",\"url\":\"https:\/\/firallibre.com\/wp-content\/uploads\/2024\/04\/fira-llibre-valencia-01.jpg?1743705511\",\"contentUrl\":\"https:\/\/firallibre.com\/wp-content\/uploads\/2024\/04\/fira-llibre-valencia-01.jpg?1743705511\"},{\"@type\":\"BreadcrumbList\",\"@id\":\"https:\/\/firallibre.com\/es\/la-fira\/#breadcrumb\",\"itemListElement\":[{\"@type\":\"ListItem\",\"position\":1,\"name\":\"Portada\",\"item\":\"https:\/\/firallibre.com\/es\/\"},{\"@type\":\"ListItem\",\"position\":2,\"name\":\"La Fira\"}]},{\"@type\":\"WebSite\",\"@id\":\"https:\/\/firallibre.com\/es\/#website\",\"url\":\"https:\/\/firallibre.com\/es\/\",\"name\":\"Fira del Llibre de Val\u00e8ncia\",\"description\":\"\",\"publisher\":{\"@id\":\"https:\/\/firallibre.com\/es\/#organization\"},\"potentialAction\":[{\"@type\":\"SearchAction\",\"target\":{\"@type\":\"EntryPoint\",\"urlTemplate\":\"https:\/\/firallibre.com\/es\/?s={search_term_string}\"},\"query-input\":{\"@type\":\"PropertyValueSpecification\",\"valueRequired\":true,\"valueName\":\"search_term_string\"}}],\"inLanguage\":\"es\"},{\"@type\":\"Organization\",\"@id\":\"https:\/\/firallibre.com\/es\/#organization\",\"name\":\"Fira del llibre\",\"url\":\"https:\/\/firallibre.com\/es\/\",\"logo\":{\"@type\":\"ImageObject\",\"inLanguage\":\"es\",\"@id\":\"https:\/\/firallibre.com\/es\/#\/schema\/logo\/image\/\",\"url\":\"https:\/\/firallibre.com\/wp-content\/uploads\/2025\/04\/60-fira-llibre-valencia.webp\",\"contentUrl\":\"https:\/\/firallibre.com\/wp-content\/uploads\/2025\/04\/60-fira-llibre-valencia.webp\",\"width\":1890,\"height\":1063,\"caption\":\"Fira del llibre\"},\"image\":{\"@id\":\"https:\/\/firallibre.com\/es\/#\/schema\/logo\/image\/\"},\"sameAs\":[\"https:\/\/www.facebook.com\/Fira.Llibre.Valencia\",\"https:\/\/x.com\/firallibrevlc\"]}]}<\/script>\n<!-- \/ Yoast SEO plugin. -->","yoast_head_json":{"title":"La Fira - Fira Llibre de Val\u00e8ncia","robots":{"index":"index","follow":"follow","max-snippet":"max-snippet:-1","max-image-preview":"max-image-preview:large","max-video-preview":"max-video-preview:-1"},"canonical":"https:\/\/firallibre.com\/es\/la-fira\/","og_locale":"es_ES","og_type":"article","og_title":"La Fira - Fira Llibre de Val\u00e8ncia","og_description":"La 60.\u00aa Feria del Libro de Val\u00e8ncia se celebrar\u00e1 del 24 de abril al 4 de mayo de 2025 La [&hellip;]","og_url":"https:\/\/firallibre.com\/es\/la-fira\/","og_site_name":"Fira Llibre de Val\u00e8ncia","article_publisher":"https:\/\/www.facebook.com\/Fira.Llibre.Valencia","article_modified_time":"2025-04-03T18:38:31+00:00","og_image":[{"url":"https:\/\/firallibre.com\/wp-content\/uploads\/2024\/04\/fira-llibre-valencia-01.jpg?1743705511","type":"","width":"","height":""}],"twitter_card":"summary_large_image","twitter_site":"@firallibrevlc","twitter_misc":{"Tiempo de lectura":"2 minutos"},"schema":{"@context":"https:\/\/schema.org","@graph":[{"@type":"WebPage","@id":"https:\/\/firallibre.com\/es\/la-fira\/","url":"https:\/\/firallibre.com\/es\/la-fira\/","name":"La Fira - Fira Llibre de Val\u00e8ncia","isPartOf":{"@id":"https:\/\/firallibre.com\/es\/#website"},"primaryImageOfPage":{"@id":"https:\/\/firallibre.com\/es\/la-fira\/#primaryimage"},"image":{"@id":"https:\/\/firallibre.com\/es\/la-fira\/#primaryimage"},"thumbnailUrl":"https:\/\/firallibre.com\/wp-content\/uploads\/2024\/04\/fira-llibre-valencia-01.jpg?1743705511","datePublished":"2024-02-19T14:30:30+00:00","dateModified":"2025-04-03T18:38:31+00:00","breadcrumb":{"@id":"https:\/\/firallibre.com\/es\/la-fira\/#breadcrumb"},"inLanguage":"es","potentialAction":[{"@type":"ReadAction","target":["https:\/\/firallibre.com\/es\/la-fira\/"]}]},{"@type":"ImageObject","inLanguage":"es","@id":"https:\/\/firallibre.com\/es\/la-fira\/#primaryimage","url":"https:\/\/firallibre.com\/wp-content\/uploads\/2024\/04\/fira-llibre-valencia-01.jpg?1743705511","contentUrl":"https:\/\/firallibre.com\/wp-content\/uploads\/2024\/04\/fira-llibre-valencia-01.jpg?1743705511"},{"@type":"BreadcrumbList","@id":"https:\/\/firallibre.com\/es\/la-fira\/#breadcrumb","itemListElement":[{"@type":"ListItem","position":1,"name":"Portada","item":"https:\/\/firallibre.com\/es\/"},{"@type":"ListItem","position":2,"name":"La Fira"}]},{"@type":"WebSite","@id":"https:\/\/firallibre.com\/es\/#website","url":"https:\/\/firallibre.com\/es\/","name":"Fira del Llibre de Val\u00e8ncia","description":"","publisher":{"@id":"https:\/\/firallibre.com\/es\/#organization"},"potentialAction":[{"@type":"SearchAction","target":{"@type":"EntryPoint","urlTemplate":"https:\/\/firallibre.com\/es\/?s={search_term_string}"},"query-input":{"@type":"PropertyValueSpecification","valueRequired":true,"valueName":"search_term_string"}}],"inLanguage":"es"},{"@type":"Organization","@id":"https:\/\/firallibre.com\/es\/#organization","name":"Fira del llibre","url":"https:\/\/firallibre.com\/es\/","logo":{"@type":"ImageObject","inLanguage":"es","@id":"https:\/\/firallibre.com\/es\/#\/schema\/logo\/image\/","url":"https:\/\/firallibre.com\/wp-content\/uploads\/2025\/04\/60-fira-llibre-valencia.webp","contentUrl":"https:\/\/firallibre.com\/wp-content\/uploads\/2025\/04\/60-fira-llibre-valencia.webp","width":1890,"height":1063,"caption":"Fira del llibre"},"image":{"@id":"https:\/\/firallibre.com\/es\/#\/schema\/logo\/image\/"},"sameAs":["https:\/\/www.facebook.com\/Fira.Llibre.Valencia","https:\/\/x.com\/firallibrevlc"]}]}},"_links":{"self":[{"href":"https:\/\/firallibre.com\/es\/wp-json\/wp\/v2\/pages\/6095","targetHints":{"allow":["GET"]}}],"collection":[{"href":"https:\/\/firallibre.com\/es\/wp-json\/wp\/v2\/pages"}],"about":[{"href":"https:\/\/firallibre.com\/es\/wp-json\/wp\/v2\/types\/page"}],"author":[{"embeddable":true,"href":"https:\/\/firallibre.com\/es\/wp-json\/wp\/v2\/users\/1"}],"replies":[{"embeddable":true,"href":"https:\/\/firallibre.com\/es\/wp-json\/wp\/v2\/comments?post=6095"}],"version-history":[{"count":6,"href":"https:\/\/firallibre.com\/es\/wp-json\/wp\/v2\/pages\/6095\/revisions"}],"predecessor-version":[{"id":7945,"href":"https:\/\/firallibre.com\/es\/wp-json\/wp\/v2\/pages\/6095\/revisions\/7945"}],"wp:attachment":[{"href":"https:\/\/firallibre.com\/es\/wp-json\/wp\/v2\/media?parent=6095"}],"curies":[{"name":"wp","href":"https:\/\/api.w.org\/{rel}","templated":true}]}}